{"id":118,"date":"2017-11-14T08:35:18","date_gmt":"2017-11-14T07:35:18","guid":{"rendered":"https:\/\/www.weingut-unterberger.com\/impressum\/"},"modified":"2020-09-22T12:26:25","modified_gmt":"2020-09-22T10:26:25","slug":"colophon","status":"publish","type":"page","link":"https:\/\/www.weingut-unterberger.com\/it\/colophon\/","title":{"rendered":"Colophon"},"content":{"rendered":"<h1>Colophon<\/h1>\n<p><strong>Fam. Unterberger<br \/>\n<\/strong>Via S. Silvestro 33<br \/>\nI-39031 Stegona\/Brunico (BZ)<br \/>\nVal Pusteria in Alto Adige<\/p>\n<p>T +39 0474 552 285<br \/>\nF +39 0474 538721<\/p>\n<p><a href=\"mailto:info@zumhirschen.it\">info@zumhirschen.it<br \/>\n<\/a><a title=\"Weingut Unterberger im Pustertal in S\u00fcdtirol\" href=\"https:\/\/www.weingut-unterberger.com\">www.walter-noessing.it<\/a><\/p>\n<p><strong>Num. reg. Cam. di Commercio:<br \/>\n<\/strong>P.IVA. IT01649050216<\/p>\n<p><strong>Copyright per le immagini e grafiche utilizzate:<br \/>\n<\/strong>\u00a9 Fam. Unterberger | Weingut Unterberger<\/p>\n<p><strong>Concetto e realizzazione:<br \/>\n<\/strong>MUWit d. Sandra Stablum<br \/>\nCitt\u00e0 Alta 60<br \/>\nI-39043 Chiusa<\/p>\n<p>T +39 347 1330206<br \/>\nCod. fisc. STB SDR 88 A44 B160 S<br \/>\nP.IVA. IT02730810211<\/p>\n<p><a href=\"mailto:info@muwit.it\">info@muwit.it<\/a><br \/>\n<a href=\"http:\/\/www.muwit.it\">www.muwit.it<\/a><\/p>\n<p><strong>Responsabile per il contenuto:<br \/>\n<\/strong> Fam. Unterberger | Weingut Unterberger<\/p>\n<p><strong>Dichiarazione liberatoria:<br \/>\n<\/strong><strong>Responsabilit\u00e0 per i contenuti<br \/>\n<\/strong>I contenuti delle nostre pagine sono stati redatti, elaborati e controllati scrupolosamente. Tuttavia, non ci assumiamo nessuna responsabilit\u00e0 per la correttezza, qualit\u00e0, completezza e attualit\u00e0 dei contenuti, poich\u00e9 non \u00e8 da escludere che siano cambiati nel tempo. Come prestatori di servizi siamo responsabili per i contenuti di queste pagine in base alla normativa vigente. Nella nostra qualit\u00e0 di prestatori di servizi non siamo per\u00f2 obbligati a controllare l\u2019esattezza di informazioni ricevute o salvate da terzi, o a controllare se sussistano irregolarit\u00e0 che indichino un\u2019attivit\u00e0 illegale. L\u2019obbligo di rimuovere o bloccare l\u2019utilizzo di informazioni secondo la normativa vigente rimane valido. L\u2019assunzione di tale responsabilit\u00e0 \u00e8 tuttavia possibile solamente dopo il momento dell\u2019effettivo riconoscimento da parte nostra di una concreta violazione di diritto. Alla presa d\u2019atto di tali violazioni di legge provvederemo immediatamente alla rimozione dei contenuti in questione.<br \/>\nSi escludono di principio le rivendicazioni di responsabilit\u00e0 di qualsiasi tipo causate dall\u2019utilizzo di informazioni messe a disposizione, oppure da informazioni errate e\/o incomplete.<\/p>\n<p><strong>Responsabilit\u00e0 per i link<br \/>\n<\/strong>La nostra offerta contiene dei collegamenti ipertestuali con siti web esterni di terzi, sui cui contenuti non possiamo influire. Per questo motivo non forniamo nessuna garanzia sui contenuti dei siti web linkati, indipendentemente dal tipo e dalla natura. Ne \u00e8 responsabile solamente il relativo proprietario o gestore del sito. Un controllo permanente dei contenuti dei siti linkati al presente non \u00e8 fattibile senza concreti punti di riferimento. All\u2019avvenuta conoscenza d\u2019infrazioni contro la legge causate dai siti web linkati, i link in questione saranno subito rimossi.<\/p>\n<p><strong>Copyright<br \/>\n<\/strong>Tutti i contenuti e le opere creati dal web designer e dai gestori del sito sono protetti da copyright. La riproduzione, l\u2019alterazione, la distribuzione e qualsiasi forma di utilizzo, soprattutto per scopi commerciali, al di fuori dei limiti del diritto d\u2019autore, sono severamente vietate e ammesse esclusivamente previa autorizzazione scritta del relativo autore o creatore. Nel caso i contenuti di questa pagina non siano stati creati dal gestore, sono da rispettare i diritti di copyright di terzi. I contenuti redatti da terzi sono contrassegnati come tali. In caso doveste notare una violazione del copyright, vi preghiamo gentilmente di farci pervenire un\u2019apposita segnalazione. All\u2019atto di presa di conoscenza di tali violazioni di legge, i contenuti in questione saranno naturalmente rimossi subito, senza per\u00f2 assumerne nessuna responsabilit\u00e0.<\/p>\n","protected":false},"excerpt":{"rendered":"<p>Colophon Fam. Unterberger Via S. Silvestro 33 I-39031 Stegona\/Brunico (BZ) Val Pusteria in Alto Adige T +39 0474 552 285 F +39 0474 538721 info@zumhirschen.it www.walter-noessing.it<span class=\"excerpt-hellip\"> [\u2026]<\/span><\/p>\n","protected":false},"author":1,"featured_media":88,"parent":0,"menu_order":0,"comment_status":"closed","ping_status":"closed","template":"","meta":{"_mi_skip_tracking":false},"yoast_head":"<!-- This site is optimized with the Yoast SEO plugin v19.6.1 - https:\/\/yoast.com\/wordpress\/plugins\/seo\/ -->\n<title>Weingut Unterberger im Pustertal in S\u00fcdtirol. Impressum<\/title>\n<meta name=\"description\" content=\"Hier erfahren Sie alles wichtige und neue Rund um unser Weingut Unterberger im Pustertal im sch\u00f6nen S\u00fcdtirol. Seien Sie gespannt!\" \/>\n<meta name=\"robots\" content=\"index, follow, max-snippet:-1, max-image-preview:large, max-video-preview:-1\" \/>\n<link rel=\"canonical\" href=\"https:\/\/www.weingut-unterberger.com\/it\/colophon\/\" \/>\n<meta name=\"twitter:label1\" content=\"Tempo di lettura stimato\" \/>\n\t<meta name=\"twitter:data1\" content=\"2 minuti\" \/>\n<script type=\"application\/ld+json\" class=\"yoast-schema-graph\">{\"@context\":\"https:\/\/schema.org\",\"@graph\":[{\"@type\":\"WebPage\",\"@id\":\"https:\/\/www.weingut-unterberger.com\/it\/colophon\/\",\"url\":\"https:\/\/www.weingut-unterberger.com\/it\/colophon\/\",\"name\":\"Weingut Unterberger im Pustertal in S\u00fcdtirol. Impressum\",\"isPartOf\":{\"@id\":\"https:\/\/www.weingut-unterberger.com\/#website\"},\"datePublished\":\"2017-11-14T07:35:18+00:00\",\"dateModified\":\"2020-09-22T10:26:25+00:00\",\"description\":\"Hier erfahren Sie alles wichtige und neue Rund um unser Weingut Unterberger im Pustertal im sch\u00f6nen S\u00fcdtirol. Seien Sie gespannt!\",\"breadcrumb\":{\"@id\":\"https:\/\/www.weingut-unterberger.com\/it\/colophon\/#breadcrumb\"},\"inLanguage\":\"it-IT\",\"potentialAction\":[{\"@type\":\"ReadAction\",\"target\":[\"https:\/\/www.weingut-unterberger.com\/it\/colophon\/\"]}]},{\"@type\":\"BreadcrumbList\",\"@id\":\"https:\/\/www.weingut-unterberger.com\/it\/colophon\/#breadcrumb\",\"itemListElement\":[{\"@type\":\"ListItem\",\"position\":1,\"name\":\"Startseite\",\"item\":\"https:\/\/www.weingut-unterberger.com\/it\/\"},{\"@type\":\"ListItem\",\"position\":2,\"name\":\"Colophon\"}]},{\"@type\":\"WebSite\",\"@id\":\"https:\/\/www.weingut-unterberger.com\/#website\",\"url\":\"https:\/\/www.weingut-unterberger.com\/\",\"name\":\"Weingut Unterberger - Wein aus dem Pustertal\",\"description\":\"Wein aus dem Pustertal\",\"publisher\":{\"@id\":\"https:\/\/www.weingut-unterberger.com\/#organization\"},\"potentialAction\":[{\"@type\":\"SearchAction\",\"target\":{\"@type\":\"EntryPoint\",\"urlTemplate\":\"https:\/\/www.weingut-unterberger.com\/?s={search_term_string}\"},\"query-input\":\"required name=search_term_string\"}],\"inLanguage\":\"it-IT\"},{\"@type\":\"Organization\",\"@id\":\"https:\/\/www.weingut-unterberger.com\/#organization\",\"name\":\"Weingut Unterberger\",\"url\":\"https:\/\/www.weingut-unterberger.com\/\",\"sameAs\":[],\"logo\":{\"@type\":\"ImageObject\",\"inLanguage\":\"it-IT\",\"@id\":\"https:\/\/www.weingut-unterberger.com\/#\/schema\/logo\/image\/\",\"url\":\"https:\/\/www.weingut-unterberger.com\/wp-content\/uploads\/logo-weingut-unterberger-4c.png\",\"contentUrl\":\"https:\/\/www.weingut-unterberger.com\/wp-content\/uploads\/logo-weingut-unterberger-4c.png\",\"width\":473,\"height\":308,\"caption\":\"Weingut Unterberger\"},\"image\":{\"@id\":\"https:\/\/www.weingut-unterberger.com\/#\/schema\/logo\/image\/\"}}]}<\/script>\n<!-- \/ Yoast SEO plugin. -->","yoast_head_json":{"title":"Weingut Unterberger im Pustertal in S\u00fcdtirol. Impressum","description":"Hier erfahren Sie alles wichtige und neue Rund um unser Weingut Unterberger im Pustertal im sch\u00f6nen S\u00fcdtirol. Seien Sie gespannt!","robots":{"index":"index","follow":"follow","max-snippet":"max-snippet:-1","max-image-preview":"max-image-preview:large","max-video-preview":"max-video-preview:-1"},"canonical":"https:\/\/www.weingut-unterberger.com\/it\/colophon\/","twitter_misc":{"Tempo di lettura stimato":"2 minuti"},"schema":{"@context":"https:\/\/schema.org","@graph":[{"@type":"WebPage","@id":"https:\/\/www.weingut-unterberger.com\/it\/colophon\/","url":"https:\/\/www.weingut-unterberger.com\/it\/colophon\/","name":"Weingut Unterberger im Pustertal in S\u00fcdtirol. Impressum","isPartOf":{"@id":"https:\/\/www.weingut-unterberger.com\/#website"},"datePublished":"2017-11-14T07:35:18+00:00","dateModified":"2020-09-22T10:26:25+00:00","description":"Hier erfahren Sie alles wichtige und neue Rund um unser Weingut Unterberger im Pustertal im sch\u00f6nen S\u00fcdtirol. Seien Sie gespannt!","breadcrumb":{"@id":"https:\/\/www.weingut-unterberger.com\/it\/colophon\/#breadcrumb"},"inLanguage":"it-IT","potentialAction":[{"@type":"ReadAction","target":["https:\/\/www.weingut-unterberger.com\/it\/colophon\/"]}]},{"@type":"BreadcrumbList","@id":"https:\/\/www.weingut-unterberger.com\/it\/colophon\/#breadcrumb","itemListElement":[{"@type":"ListItem","position":1,"name":"Startseite","item":"https:\/\/www.weingut-unterberger.com\/it\/"},{"@type":"ListItem","position":2,"name":"Colophon"}]},{"@type":"WebSite","@id":"https:\/\/www.weingut-unterberger.com\/#website","url":"https:\/\/www.weingut-unterberger.com\/","name":"Weingut Unterberger - Wein aus dem Pustertal","description":"Wein aus dem Pustertal","publisher":{"@id":"https:\/\/www.weingut-unterberger.com\/#organization"},"potentialAction":[{"@type":"SearchAction","target":{"@type":"EntryPoint","urlTemplate":"https:\/\/www.weingut-unterberger.com\/?s={search_term_string}"},"query-input":"required name=search_term_string"}],"inLanguage":"it-IT"},{"@type":"Organization","@id":"https:\/\/www.weingut-unterberger.com\/#organization","name":"Weingut Unterberger","url":"https:\/\/www.weingut-unterberger.com\/","sameAs":[],"logo":{"@type":"ImageObject","inLanguage":"it-IT","@id":"https:\/\/www.weingut-unterberger.com\/#\/schema\/logo\/image\/","url":"https:\/\/www.weingut-unterberger.com\/wp-content\/uploads\/logo-weingut-unterberger-4c.png","contentUrl":"https:\/\/www.weingut-unterberger.com\/wp-content\/uploads\/logo-weingut-unterberger-4c.png","width":473,"height":308,"caption":"Weingut Unterberger"},"image":{"@id":"https:\/\/www.weingut-unterberger.com\/#\/schema\/logo\/image\/"}}]}},"_links":{"self":[{"href":"https:\/\/www.weingut-unterberger.com\/it\/wp-json\/wp\/v2\/pages\/118"}],"collection":[{"href":"https:\/\/www.weingut-unterberger.com\/it\/wp-json\/wp\/v2\/pages"}],"about":[{"href":"https:\/\/www.weingut-unterberger.com\/it\/wp-json\/wp\/v2\/types\/page"}],"author":[{"embeddable":true,"href":"https:\/\/www.weingut-unterberger.com\/it\/wp-json\/wp\/v2\/users\/1"}],"replies":[{"embeddable":true,"href":"https:\/\/www.weingut-unterberger.com\/it\/wp-json\/wp\/v2\/comments?post=118"}],"version-history":[{"count":4,"href":"https:\/\/www.weingut-unterberger.com\/it\/wp-json\/wp\/v2\/pages\/118\/revisions"}],"predecessor-version":[{"id":546,"href":"https:\/\/www.weingut-unterberger.com\/it\/wp-json\/wp\/v2\/pages\/118\/revisions\/546"}],"wp:featuredmedia":[{"embeddable":true,"href":"https:\/\/www.weingut-unterberger.com\/it\/wp-json\/wp\/v2\/media\/88"}],"wp:attachment":[{"href":"https:\/\/www.weingut-unterberger.com\/it\/wp-json\/wp\/v2\/media?parent=118"}],"curies":[{"name":"wp","href":"https:\/\/api.w.org\/{rel}","templated":true}]}}