{"id":122,"date":"2017-11-14T08:41:32","date_gmt":"2017-11-14T07:41:32","guid":{"rendered":"https:\/\/www.weingut-unterberger.com\/datenschutz\/"},"modified":"2022-09-19T16:37:00","modified_gmt":"2022-09-19T14:37:00","slug":"privacy-2","status":"publish","type":"page","link":"https:\/\/www.weingut-unterberger.com\/it\/privacy-2\/","title":{"rendered":"Privacy &#038; Cookies"},"content":{"rendered":"<h1>Protezione dati<\/h1>\n<p><strong>Informativa Trattamento dati personali ai sensi del reg. UE 2016\/679<\/strong><br \/>\nLa societ\u00e0 Weingut Unterberger informa ai sensi del reg. UE 2016\/679 (di seguito GDPR) ed in relazione ai dati personali e sensibili di cui avr\u00e0 conoscenza e possesso, delle finalit\u00e0 e modalit\u00e0 di trattamento dei dati degli utenti.<\/p>\n<p><strong>Titolare del trattamento dei dati:<\/strong><br \/>\nTitolare del trattamento dei dati \u00e8 la societ\u00e0 Weingut Unterberger, in persona del legale rappresentante Manfred Unterberger, con sede a Stegona\/Brunico, contatto Via S. Silvestro 33 | I-39031 Stegona\/Brunico (BZ).<br \/>\nIl responsabile del trattamento \u00e8 Manfred Unterberger e pu\u00f2 essere contattato tramite lettera raccomandata all\u2019indirizzo Via S. Silvestro 33 | I-39031 Stegona\/Brunico (BZ) o tramite PEC all\u2019indirizzo info@zumhirschen.it.<\/p>\n<p><strong>Tipologia di dati trattati e persone interessate:<\/strong><br \/>\nIl trattamento dei dati riguarda dati personali dei clienti e\/o dei fornitori, dagli stessi comunicati volontariamente (di persona, tramite telefono, Fax o Mail), dati comunicati con il processo di registrazione sul sito web e dati di persone terze ricavati tramite l\u2019accesso ad albi, elenchi pubblici, ecc. Con riguardo a dati di persone terze, si specifica che vengono trattati solo dati personali comuni.<\/p>\n<p><strong>Finalit\u00e0 del trattamento dei dati:<\/strong><br \/>\nIl trattamento dei dati personali \u00e8 finalizzato unicamente a<\/p>\n<p>1. adempimento degli obblighi previsti dalla normativa vigente, inclusi gli obblighi in ambito fiscale e contabile;<br \/>\n2. adempimento di obbligazioni contrattuali nei confronti degli interessati;<br \/>\n3. adempimento delle attivit\u00e0 connesse all\u2019attivit\u00e0 economica della societ\u00e0, tra le quali la compilazione di anagrafiche e statistiche interne, la fatturazione, la tenuta della contabilit\u00e0 clienti-fornitori<br \/>\n4. Elaborazione di un\u2019offerta<br \/>\n5. Invio di newsletter<br \/>\n6. Elaborazione di statistiche interne<\/p>\n<p><strong>Base giuridica del trattamento dei dati personali:<\/strong><br \/>\nIl trattamento dei dati personali si svolger\u00e0 secondo le norme vigenti e, ai sensi degli artt. 6 e 7 GDPR, secondo le seguenti basi giuridiche: I dati personali saranno trattati per l\u2019adempimento dell\u2019incarico ricevuto da parte dell\u2019interessato, per l\u2019esecuzione di un contratto di cui l\u2019interessato \u00e8 parte ed in risposta a richieste da parte dell\u2019interessato, per l\u2019adempimento di obblighi previsti dalla normativa vigente e per la tutela di interessi legittimi, come anche sulla base del consenso espresso dall\u2019interessato.<\/p>\n<p><strong>Modalit\u00e0 del trattamento dei dati:<\/strong><br \/>\nIl trattamento dei dati personali \u00e8 realizzato attraverso operazioni con o senza strumenti elettronici o comunque automatizzati, e consiste nella raccolta, registrazione, organizzazione, conservazione, consultazione, elaborazione, modificazione, selezione, estrazione, raffronto, utilizzo, interconnessione, blocco, comunicazione, cancellazione e distruzione dei dati.<br \/>\nIl trattamento dei dati \u00e8 svolto sia dal titolare dei dati, sia dagli incaricati e\/o dai responsabili dal trattamento. Questi ultimi saranno incarati dal trattamento dei dati per l\u2019adempimento delle finalit\u00e0 di cui al punto 3 e\/o nei casi in cui l\u2019incarico \u00e8 previsto dalla normativa vigente. Il titolare del trattamento ha verificato che gli incaricati ed i responsabili tratteranno i dati secondo i principi previsti dal GDPR.<br \/>\nI dati possono essere comunicati per le finalit\u00e0 di cui al punto 3 a persone fisiche o giuridiche anche estere, e comunque a tutti quei soggetti cui la comunicazione sia necessaria per il corretto adempimento di tale finalit\u00e0. I dati personali non sono, per\u00f2, soggetti a diffusione.<\/p>\n<p><strong>Pi\u00f9 specificamente, il trattamento dei dati personali si svolger\u00e0 con le seguenti modalit\u00e0:<\/strong><\/p>\n<p><strong>Account utente:<\/strong><br \/>\nI dati personali sono ricavati tramite la registrazione sul sito e sono trattati per fornire un account utente. Durante il processo di registrazione ed accesso all\u2019account utente, l\u2019indirizzo IP ed i singoli momenti di accesso vengono conservati.<br \/>\nQuesti dati vengono immediatamente cancellati nel momento in cui l\u2019interessati cancella il suo account, tranne s\u00e9 la loro conservazione \u00e8 necessaria per finalit\u00e0 fiscali e contabili.<\/p>\n<p><strong>Contatto:<\/strong><br \/>\nSe la persona interessata entra in contatto con la societ\u00e0 tramite il modulo di contatto del sito web, tramite mail o i social network, si trattano i dati personali forniti dall\u2019interessato per rispondere alle richieste, ovvero per la fornitura del servizio richiesto dallo stesso. I dati personali in questo modo ottenuti, possono esser conservati in un sistema di \u201cCustomer relationship management\u201d, o sistema analogo, per gestire il contatto con i clienti. Le richieste degli interessati vengono cancellate nel momento in cui non sono pi\u00f9 necessarie per fornire i servizi richiesti, escluso il solo caso in cui la loro conservazione sia necessaria per finalit\u00e0 fiscali e contabili.<\/p>\n<p><strong>Google Tag Manager:<\/strong><br \/>\nQuesto sito utilizza il Google Tag Manager, un servizio che consente di gestire i tag del sito web tramite un\u2019interfaccia e attiva altri tag, che a loro volta raccolgono i dati, se previsto. Google Tag Manager non utilizza alcun cookie e non accede a dati personali eventualmente raccolti. Per avere maggiori informazioni, si consiglia di consultare l\u2018informativa privacy di Google (https:\/\/www.google.com\/intl\/it\/tagmanager\/use-policy.html).<\/p>\n<p><strong>Google Analytics:<\/strong><br \/>\nQuesto sito web utilizza Google Analytics, un servizio di web analysis di Google Inc. Google Analytics utilizza una specifica forma di cookie che vengono registrati nel computer degli interessati e consente un\u2019analisi dell\u2019utilizzo da parte di quest\u2019ultimo del presente sito web. Le informazioni sull\u2019uso del sito web generate dai cookie sono generalmente trasmesse a un server die Google negli USA dove sono archiviate.<br \/>\nSi precisa che Google Analytics \u00e8 stato applicato nel presente sito web in modo tale da includere il codice \u201canonymizeIP\u201d, per garantire la registrazione in modo anonimo degli indirizzi IP, che vengono poi conservati su di un server nel territorio dell\u2019UE e degli Stati Membri dell\u2019Area Economica Europa. Solo in casi eccezionali l\u2019intero indirizzo IP viene trasmesso a un server di Google negli USA, dove viene poi abbreviato. Google utilizza le informazioni ottenute per redigere relazioni sulle attivit\u00e0 effettuate sul sito web. I dati personali non vengono usati per identificare i visitatori del sito, i singoli utenti sono anonimi e non vengono trasmessi dati a persone terze.<br \/>\nSi pu\u00f2 evitare la memorizzazione dei cookie regolando la relativa impostazione per il Browser. Inoltre, si pu\u00f2 evitare la memorizzazione dei relativi dati da parte di Google scaricando e installando il plugin del Browser disponibile all\u2019indirizzo https:\/\/tools.google.com\/dlpage\/gaoptout?hl=it.<\/p>\n<p><strong>Google Adwords e Conversion-Tracking:<\/strong><br \/>\nQuesto sito web utilizza, inoltre, i servizi forniti da Google LLC, 1600 Amphitheatre Parkway Mountain View, CA 94043 USA. Google ha ottenuto il certificato europeo del \u201cPrivacy Shield\u201d e garantisce di essersi conformata al regolamento UE concernente il trattamento dei dati personali. Si utilizza Google Adwords per attirare l\u2019attenzione dell\u2019utente tramite inserti pubblicitari da pagine web esterne. I dati delle campagne consentono di rilevare il grado di successo delle singole iniziative pubblicitarie e per mostrare all\u2019utente annunci pubblicitari di suo interesse. A tale scopo viene utilizzato un cookie che consente di misurare determinati parametri come la visualizzazione degli annunci od i clic da parte degli utenti. Accedendo al sito tramite un annuncio di Google, un cookie viene conservato sul computer dell\u2019interessato, che consente a Google di riconoscere il suo browser Internet. Grazie a questi cookie si possono redigere statistiche di conversione dei clienti, acquisire informazioni sul numero totale di utenti che hanno cliccato su un annuncio ed avere informazioni tecniche riguardanti il sistema usato. Questo cookie generalmente dura 30 giorni e non raccoglie ne\u2019 monitora informazioni in grado di identificare personalmente un utente, tranne il caso in cui quest\u2019ultimo abbia autorizzato espressamente il trattamento dei suoi dati senza necessit\u00e0 di anonimato. Per saperne di pi\u00f9 \u00e8 possibile consultare l\u2019informativa privacy di Google (https:\/\/policies.google.com\/technologies\/ads).<\/p>\n<p><strong>Twitter:<\/strong><br \/>\nSu questo sito web \u00e8 stato inserito un plugin di Twitter che consente di collegare il presente sito web con Twitter e di trasmettere dati personali a Twitter. Inoltre, viene conservato un Cookie sul computer dell\u2019interessato. Twitter provvede entro il termine massimo di dieci giorni a cancellare, rendere anonimi ed elaborare questi dati. Per maggiori informazioni \u00e8 possibile consultare l\u2019informativa privacy di Twitter (https:\/\/twitter.com\/it\/pivacy).<\/p>\n<p><strong>Facebook:<\/strong><br \/>\nSu questo sito web sono integrati plugin del social network Facebook, fornito da Facebook Inc., 1601 South California Avenue, Palo Alto, CA 94304 USA. I plugin di Facebook sono riconoscibili dal logo di Facebook oppure dal tasto \u201cmi piace\u201d. Il plugin permette di stabilire un collegamento diretto tra il Browser dell\u2019interessato ed il server di Facebook. Facebook viene in tal modo informato che l\u2019interessato ha visitato il presente sito ed ha cliccato sul tasto \u201cmi piace\u201d, mentre l\u2019interessato \u00e8 collegato al proprio profilo Facebook, \u00e8 possibile linkare i contenuti di questo sito con l\u2019account. Ulteriori informazioni a tale proposito sono disponibili nell\u2019informativa privacy di Facebook (https:\/\/it-it.facebook.com\/policy.php).<\/p>\n<p><strong>Instagram:<\/strong><br \/>\nSu questo sito web sono inserite funzioni del servizio Instagram Inc., 1601 Willow Road, Menlo Park, CA 94025 USA. Questo plugin \u00e8 riconoscibile dal logo di Instagram. Con questo plugin \u00e8 possibile collegare i contenuti di questo sito con il profilo Instagram dell\u2019interessato e in questo modo Instagram pu\u00f2 associare la visita della persona interessata con il suo profilo. Ulteriori informazioni con riguardo alle finalit\u00e0 e modalit\u00e0 di trattamento dei dati da parte di Instagram sono disponibili nell\u2019informativa privacy di Instagram (http:\/\/instagram.com\/about\/legal\/privacy\/).<\/p>\n<p><strong>Interazione con social media:<\/strong><br \/>\nLa societ\u00e0 Weingut Unterberger prevede anche la possibilit\u00e0 di un contatto tramite i social network ed altre piattaforme, per poter comunicare con clienti, interessati e utenti e per poter fornire informazioni circa i propri servizi forniti. Le interazioni e le informazioni acquisite da queste piattaforme sono soggette alle impostazioni Privacy dei singoli fornitori.<\/p>\n<p><strong>Comunicazione die dati per la registrazione del dominio:<\/strong><br \/>\nPer la registrazione del dominio dell\u2019interessato \u00e8 necessario comunicare i relativi dati personali al registro nazionale od internazionale responsabile per la registrazione. Verranno comunicati soltanto i dati personali necessari per la registrazione. Gli utenti del web hanno la possibilit\u00e0 di consultare e vedere i dati forniti ai registri. I registri di registrazione non permettono l\u2019uso dei dati personali per fini commerciali od altri fini abusivi.<\/p>\n<p><strong>Comunicazione dei dati per certificazione:<\/strong><br \/>\nPer ottenere il certificato SSL, i dati personali verranno comunicati agli appositi registri competenti. Si comunicheranno soltanto i dati personali strettamente necessari. L\u2018interessato presta il proprio consenso a che i dati necessari per la certificazione vengano trasmessi automaticamente agli appositi registri.<\/p>\n<p><strong>Analisi e ricerche di mercato:<\/strong><br \/>\nPer essere maggiormente informati con riguardo ai desideri dei propri utenti e dei clienti e per capire le tendenze del mercato, questo sito analizza e profila i dati personali forniti. A tale riguardo si trattano specificamente dati di contatto, dati di contratti, dati di fatturazione, dati d\u2019uso e generalmente i dati riguardanti interessati, clienti, visitatori e utenti di questo sito. La profilazione \u00e8 finalizzata ad ottimizzare le offerte e la facilit\u00e0 d\u2019uso di questo sito web, e non verranno comunicate a persone terze.<\/p>\n<p><strong>Cookies:<\/strong><br \/>\nIl presente sito web utilizza cookies di sessione, cio\u00e8 cookies che non vengono memorizzati in modo persistente sul computer dell\u2019utente e svaniscono con la chiusura del browser; risultano pertanto, strettamente limitati alla trasmissione di identificativi di sessione. I cookies utilizzati da questo sito evitano il ricorso ad altre tecniche informatiche potenzialmente pregiudizievoli per la riservatezza, e non consentono l\u2019acquisizione di dati personali identificativi o di profilazione.<\/p>\n<p><strong>Conferimento dei dati e rifiuto:<\/strong><br \/>\nIl conferimento dei dati personali \u00e8 strettamente necessario per adempiere alle finalit\u00e0 di cui al punto 3, ed il rifiuto da parte dell\u2019interessato di conferire i dati personali comporta l\u2019impossibilit\u00e0 di adempiere a tali attivit\u00e0.<\/p>\n<p><strong>Conservazione dei dati:<\/strong><br \/>\nI dati personali sono conservati per il periodo necessario per l\u2019adempimento delle finalit\u00e0 di cui al punto 3, salvo indicazioni contrarie previste nella presente informativa e salvo eventuali obblighi di conservazione previsti dalla normativa vigente. Generalmente, i dati non vengono conservati per un periodo superiore a due anni. Se la conservazione \u00e8 richiesta per finalit\u00e0 legali, il trattamento dei dati viene limitato: ci\u00f2 significa che i dati verranno bloccati ed utilizzati solamente per l\u2019adempimento delle finalit\u00e0 legali.<\/p>\n<p><strong>Diritti dell\u2018interessato:<\/strong><br \/>\nIl GDPR conferisce all\u2018interessato l\u2019esercizio di specifici diritti:<\/p>\n<p>1. il diritto all\u2019accesso ai propri dati personali ed alle informazioni relative agli stessi, la rettifica di dati inesatti o l\u2019integrazione di quelli incompleti, la cancellazione dei suoi dati, la limitazione del trattamento dei suoi dati e l\u2019opposizione al trattamento dei dati;<br \/>\n2. il diritto di richiedere ed ottenere dal titolare, ove possibile, i suoi dati personali in un formato strutturato e leggibile da dispositivo automatico, anche al fine di comunicare tali dati ad un altro titolare di trattamento;<br \/>\n3. il diritto di revocare il consenso in qualsiasi momento, limitatamente alle ipotesi in cui il trattamento sia basato sul consenso per una o pi\u00f9 specifiche finalit\u00e0, senza pregiudizio per la liceit\u00e0 del trattamento basato sul consenso acquisito prima della revoca;<br \/>\n4. il diritto di proporre reclamo all\u2019Autorit\u00e0 Garante per la protezione dei dati personali.<\/p>\n<p>I diritti conferiti possono essere esercitati mediante comunicazione scritta da inviare a mezzo PEC all\u2019indirizzo info@zumhirschen.it, o lettera raccomandata a\/r all\u2019indirizzo Via S. Silvestro 33 | I-39031 Stegona\/Brunico (BZ).<\/p>\n","protected":false},"excerpt":{"rendered":"<p>Protezione dati Informativa Trattamento dati personali ai sensi del reg. UE 2016\/679 La societ\u00e0 Weingut Unterberger informa ai sensi del reg. UE 2016\/679 (di seguito GDPR)<span class=\"excerpt-hellip\"> [\u2026]<\/span><\/p>\n","protected":false},"author":1,"featured_media":88,"parent":0,"menu_order":0,"comment_status":"closed","ping_status":"closed","template":"","meta":{"_mi_skip_tracking":false},"yoast_head":"<!-- This site is optimized with the Yoast SEO plugin v19.6.1 - https:\/\/yoast.com\/wordpress\/plugins\/seo\/ -->\n<title>Weingut Unterberger im Pustertal in S\u00fcdtirol. Datenschutz<\/title>\n<meta name=\"description\" content=\"Hier erfahren Sie alles wichtige und neue Rund um unser Weingut Unterberger im Pustertal im sch\u00f6nen S\u00fcdtirol. Seien Sie gespannt!\" \/>\n<meta name=\"robots\" content=\"index, follow, max-snippet:-1, max-image-preview:large, max-video-preview:-1\" \/>\n<link rel=\"canonical\" href=\"https:\/\/www.weingut-unterberger.com\/it\/privacy-2\/\" \/>\n<meta name=\"twitter:label1\" content=\"Tempo di lettura stimato\" \/>\n\t<meta name=\"twitter:data1\" content=\"11 minuti\" \/>\n<script type=\"application\/ld+json\" class=\"yoast-schema-graph\">{\"@context\":\"https:\/\/schema.org\",\"@graph\":[{\"@type\":\"WebPage\",\"@id\":\"https:\/\/www.weingut-unterberger.com\/it\/privacy-2\/\",\"url\":\"https:\/\/www.weingut-unterberger.com\/it\/privacy-2\/\",\"name\":\"Weingut Unterberger im Pustertal in S\u00fcdtirol. Datenschutz\",\"isPartOf\":{\"@id\":\"https:\/\/www.weingut-unterberger.com\/#website\"},\"datePublished\":\"2017-11-14T07:41:32+00:00\",\"dateModified\":\"2022-09-19T14:37:00+00:00\",\"description\":\"Hier erfahren Sie alles wichtige und neue Rund um unser Weingut Unterberger im Pustertal im sch\u00f6nen S\u00fcdtirol. Seien Sie gespannt!\",\"breadcrumb\":{\"@id\":\"https:\/\/www.weingut-unterberger.com\/it\/privacy-2\/#breadcrumb\"},\"inLanguage\":\"it-IT\",\"potentialAction\":[{\"@type\":\"ReadAction\",\"target\":[\"https:\/\/www.weingut-unterberger.com\/it\/privacy-2\/\"]}]},{\"@type\":\"BreadcrumbList\",\"@id\":\"https:\/\/www.weingut-unterberger.com\/it\/privacy-2\/#breadcrumb\",\"itemListElement\":[{\"@type\":\"ListItem\",\"position\":1,\"name\":\"Startseite\",\"item\":\"https:\/\/www.weingut-unterberger.com\/it\/\"},{\"@type\":\"ListItem\",\"position\":2,\"name\":\"Privacy &#038; Cookies\"}]},{\"@type\":\"WebSite\",\"@id\":\"https:\/\/www.weingut-unterberger.com\/#website\",\"url\":\"https:\/\/www.weingut-unterberger.com\/\",\"name\":\"Weingut Unterberger - Wein aus dem Pustertal\",\"description\":\"Wein aus dem Pustertal\",\"publisher\":{\"@id\":\"https:\/\/www.weingut-unterberger.com\/#organization\"},\"potentialAction\":[{\"@type\":\"SearchAction\",\"target\":{\"@type\":\"EntryPoint\",\"urlTemplate\":\"https:\/\/www.weingut-unterberger.com\/?s={search_term_string}\"},\"query-input\":\"required name=search_term_string\"}],\"inLanguage\":\"it-IT\"},{\"@type\":\"Organization\",\"@id\":\"https:\/\/www.weingut-unterberger.com\/#organization\",\"name\":\"Weingut Unterberger\",\"url\":\"https:\/\/www.weingut-unterberger.com\/\",\"sameAs\":[],\"logo\":{\"@type\":\"ImageObject\",\"inLanguage\":\"it-IT\",\"@id\":\"https:\/\/www.weingut-unterberger.com\/#\/schema\/logo\/image\/\",\"url\":\"https:\/\/www.weingut-unterberger.com\/wp-content\/uploads\/logo-weingut-unterberger-4c.png\",\"contentUrl\":\"https:\/\/www.weingut-unterberger.com\/wp-content\/uploads\/logo-weingut-unterberger-4c.png\",\"width\":473,\"height\":308,\"caption\":\"Weingut Unterberger\"},\"image\":{\"@id\":\"https:\/\/www.weingut-unterberger.com\/#\/schema\/logo\/image\/\"}}]}<\/script>\n<!-- \/ Yoast SEO plugin. -->","yoast_head_json":{"title":"Weingut Unterberger im Pustertal in S\u00fcdtirol. Datenschutz","description":"Hier erfahren Sie alles wichtige und neue Rund um unser Weingut Unterberger im Pustertal im sch\u00f6nen S\u00fcdtirol. Seien Sie gespannt!","robots":{"index":"index","follow":"follow","max-snippet":"max-snippet:-1","max-image-preview":"max-image-preview:large","max-video-preview":"max-video-preview:-1"},"canonical":"https:\/\/www.weingut-unterberger.com\/it\/privacy-2\/","twitter_misc":{"Tempo di lettura stimato":"11 minuti"},"schema":{"@context":"https:\/\/schema.org","@graph":[{"@type":"WebPage","@id":"https:\/\/www.weingut-unterberger.com\/it\/privacy-2\/","url":"https:\/\/www.weingut-unterberger.com\/it\/privacy-2\/","name":"Weingut Unterberger im Pustertal in S\u00fcdtirol. Datenschutz","isPartOf":{"@id":"https:\/\/www.weingut-unterberger.com\/#website"},"datePublished":"2017-11-14T07:41:32+00:00","dateModified":"2022-09-19T14:37:00+00:00","description":"Hier erfahren Sie alles wichtige und neue Rund um unser Weingut Unterberger im Pustertal im sch\u00f6nen S\u00fcdtirol. Seien Sie gespannt!","breadcrumb":{"@id":"https:\/\/www.weingut-unterberger.com\/it\/privacy-2\/#breadcrumb"},"inLanguage":"it-IT","potentialAction":[{"@type":"ReadAction","target":["https:\/\/www.weingut-unterberger.com\/it\/privacy-2\/"]}]},{"@type":"BreadcrumbList","@id":"https:\/\/www.weingut-unterberger.com\/it\/privacy-2\/#breadcrumb","itemListElement":[{"@type":"ListItem","position":1,"name":"Startseite","item":"https:\/\/www.weingut-unterberger.com\/it\/"},{"@type":"ListItem","position":2,"name":"Privacy &#038; Cookies"}]},{"@type":"WebSite","@id":"https:\/\/www.weingut-unterberger.com\/#website","url":"https:\/\/www.weingut-unterberger.com\/","name":"Weingut Unterberger - Wein aus dem Pustertal","description":"Wein aus dem Pustertal","publisher":{"@id":"https:\/\/www.weingut-unterberger.com\/#organization"},"potentialAction":[{"@type":"SearchAction","target":{"@type":"EntryPoint","urlTemplate":"https:\/\/www.weingut-unterberger.com\/?s={search_term_string}"},"query-input":"required name=search_term_string"}],"inLanguage":"it-IT"},{"@type":"Organization","@id":"https:\/\/www.weingut-unterberger.com\/#organization","name":"Weingut Unterberger","url":"https:\/\/www.weingut-unterberger.com\/","sameAs":[],"logo":{"@type":"ImageObject","inLanguage":"it-IT","@id":"https:\/\/www.weingut-unterberger.com\/#\/schema\/logo\/image\/","url":"https:\/\/www.weingut-unterberger.com\/wp-content\/uploads\/logo-weingut-unterberger-4c.png","contentUrl":"https:\/\/www.weingut-unterberger.com\/wp-content\/uploads\/logo-weingut-unterberger-4c.png","width":473,"height":308,"caption":"Weingut Unterberger"},"image":{"@id":"https:\/\/www.weingut-unterberger.com\/#\/schema\/logo\/image\/"}}]}},"_links":{"self":[{"href":"https:\/\/www.weingut-unterberger.com\/it\/wp-json\/wp\/v2\/pages\/122"}],"collection":[{"href":"https:\/\/www.weingut-unterberger.com\/it\/wp-json\/wp\/v2\/pages"}],"about":[{"href":"https:\/\/www.weingut-unterberger.com\/it\/wp-json\/wp\/v2\/types\/page"}],"author":[{"embeddable":true,"href":"https:\/\/www.weingut-unterberger.com\/it\/wp-json\/wp\/v2\/users\/1"}],"replies":[{"embeddable":true,"href":"https:\/\/www.weingut-unterberger.com\/it\/wp-json\/wp\/v2\/comments?post=122"}],"version-history":[{"count":6,"href":"https:\/\/www.weingut-unterberger.com\/it\/wp-json\/wp\/v2\/pages\/122\/revisions"}],"predecessor-version":[{"id":566,"href":"https:\/\/www.weingut-unterberger.com\/it\/wp-json\/wp\/v2\/pages\/122\/revisions\/566"}],"wp:featuredmedia":[{"embeddable":true,"href":"https:\/\/www.weingut-unterberger.com\/it\/wp-json\/wp\/v2\/media\/88"}],"wp:attachment":[{"href":"https:\/\/www.weingut-unterberger.com\/it\/wp-json\/wp\/v2\/media?parent=122"}],"curies":[{"name":"wp","href":"https:\/\/api.w.org\/{rel}","templated":true}]}}